{"id":1492,"date":"2025-06-08T10:58:18","date_gmt":"2025-06-08T10:58:18","guid":{"rendered":"http:\/\/prompy.ai\/services\/"},"modified":"2025-06-22T13:05:38","modified_gmt":"2025-06-22T13:05:38","slug":"services","status":"publish","type":"page","link":"https:\/\/prompy.ai\/fr\/services\/","title":{"rendered":"Nos Services"},"content":{"rendered":"<div class=\"wp-block-uagb-container uagb-block-a8606d6e alignfull uagb-is-root-container\"><div class=\"uagb-container-inner-blocks-wrap\">\n<div class=\"wp-block-uagb-info-box uagb-block-614c16d2 uagb-infobox__content-wrap  uagb-infobox-icon-above-title uagb-infobox-image-valign-top\"><div class=\"uagb-ifb-content\"><div class=\"uagb-ifb-title-wrap\"><h1 class=\"uagb-ifb-title-prefix\">Nos Services<\/h1><h4 class=\"uagb-ifb-title\">Nous proposons une large gamme de services<\/h4><\/div><p class=\"uagb-ifb-desc\">Nous vous offrons une s\u00e9rie de services con\u00e7us pour booster votre activit\u00e9 \u00e0 chaque \u00e9tape.\nDe la g\u00e9n\u00e9ration de leads aliment\u00e9e par l\u2019IA au support client instantan\u00e9, en passant par la prise de rendez-vous fluide et le suivi apr\u00e8s-vente, Prompy prend en charge vos besoins marketing et service, pour que vous puissiez vous concentrer sur la croissance de votre entreprise pendant qu\u2019on s\u2019occupe du reste.<\/p><\/div><\/div>\n<\/div><\/div>\n\n\n\n<div class=\"wp-block-uagb-container uagb-block-ebeffa70 alignfull uagb-is-root-container\"><div class=\"uagb-container-inner-blocks-wrap\">\n<div class=\"wp-block-uagb-advanced-heading uagb-block-351c22b1\"><h2 class=\"uagb-heading-text\">Comment pouvons-nous vous aider ?<\/h2><p class=\"uagb-desc-text\">SaaS, e-commerce, salons de beaut\u00e9, coaching, immobilier, \u00e9v\u00e9nements\u2026\nPrompy dynamise l\u2019interaction client dans tous ces secteurs.\nDe la prise de rendez-vous aux r\u00e9ponses produit, en passant par la qualification de leads et le service apr\u00e8s-vente, Prompy garde vos clients engag\u00e9s 24h\/24, 7j\/7, rendant votre marketing et votre relation client plus rapide, plus fluide et bien plus efficace.<\/p><\/div>\n\n\n\n<div class=\"wp-block-uagb-container uagb-block-a85bf556\">\n<div class=\"wp-block-uagb-container uagb-block-40d7db21\">\n<div class=\"wp-block-uagb-info-box uagb-block-e6edb02a uagb-infobox__content-wrap  uagb-infobox-icon-above-title uagb-infobox-image-valign-top\"><div class=\"uagb-ifb-content\"><div class=\"uagb-ifb-icon-wrap\"><svg xmlns=\"https:\/\/www.w3.org\/2000\/svg\" viewbox=\"0 0 384 512\"><path d=\"M112.1 454.3c0 6.297 1.816 12.44 5.284 17.69l17.14 25.69c5.25 7.875 17.17 14.28 26.64 14.28h61.67c9.438 0 21.36-6.401 26.61-14.28l17.08-25.68c2.938-4.438 5.348-12.37 5.348-17.7L272 415.1h-160L112.1 454.3zM191.4 .0132C89.44 .3257 16 82.97 16 175.1c0 44.38 16.44 84.84 43.56 115.8c16.53 18.84 42.34 58.23 52.22 91.45c.0313 .25 .0938 .5166 .125 .7823h160.2c.0313-.2656 .0938-.5166 .125-.7823c9.875-33.22 35.69-72.61 52.22-91.45C351.6 260.8 368 220.4 368 175.1C368 78.61 288.9-.2837 191.4 .0132zM192 96.01c-44.13 0-80 35.89-80 79.1C112 184.8 104.8 192 96 192S80 184.8 80 176c0-61.76 50.25-111.1 112-111.1c8.844 0 16 7.159 16 16S200.8 96.01 192 96.01z\"><\/path><\/svg><\/div><div class=\"uagb-ifb-title-wrap\"><h4 class=\"uagb-ifb-title translation-block\">Pr\u00e9-vente &amp; g\u00e9n\u00e9ration de leads<\/h4><\/div><p class=\"uagb-ifb-desc\">Prompy g\u00e8re votre pr\u00e9-vente comme un pro.\nIl qualifie les leads, r\u00e9pond aux questions produits, et collecte les infos de contact 24h\/24 \u2014 tout en engageant les visiteurs en temps r\u00e9el.\nPlus de leads, moins d\u2019efforts, z\u00e9ro opportunit\u00e9 rat\u00e9e.<\/p><\/div><\/div>\n\n\n\n<figure class=\"wp-block-image size-large wp-duotone-unset-1\"><img loading=\"lazy\" decoding=\"async\" width=\"683\" height=\"1024\" src=\"https:\/\/prompy.ai\/wp-content\/uploads\/2025\/06\/Pre-sales-Sales-interaction-2-683x1024.png\" alt=\"\" class=\"wp-image-3354\" srcset=\"https:\/\/prompy.ai\/wp-content\/uploads\/2025\/06\/Pre-sales-Sales-interaction-2-683x1024.png 683w, https:\/\/prompy.ai\/wp-content\/uploads\/2025\/06\/Pre-sales-Sales-interaction-2-200x300.png 200w, https:\/\/prompy.ai\/wp-content\/uploads\/2025\/06\/Pre-sales-Sales-interaction-2-768x1152.png 768w, https:\/\/prompy.ai\/wp-content\/uploads\/2025\/06\/Pre-sales-Sales-interaction-2-1024x1536.png 1024w, https:\/\/prompy.ai\/wp-content\/uploads\/2025\/06\/Pre-sales-Sales-interaction-2.png 1152w\" sizes=\"auto, (max-width: 683px) 100vw, 683px\" \/><\/figure>\n<\/div>\n\n\n\n<div class=\"wp-block-uagb-container uagb-block-7d7e96cf\">\n<div class=\"wp-block-uagb-info-box uagb-block-38d90ddf uagb-infobox__content-wrap  uagb-infobox-icon-above-title uagb-infobox-image-valign-top\"><div class=\"uagb-ifb-content\"><div class=\"uagb-ifb-icon-wrap\"><svg xmlns=\"https:\/\/www.w3.org\/2000\/svg\" viewbox=\"0 0 384 512\"><path d=\"M112.1 454.3c0 6.297 1.816 12.44 5.284 17.69l17.14 25.69c5.25 7.875 17.17 14.28 26.64 14.28h61.67c9.438 0 21.36-6.401 26.61-14.28l17.08-25.68c2.938-4.438 5.348-12.37 5.348-17.7L272 415.1h-160L112.1 454.3zM191.4 .0132C89.44 .3257 16 82.97 16 175.1c0 44.38 16.44 84.84 43.56 115.8c16.53 18.84 42.34 58.23 52.22 91.45c.0313 .25 .0938 .5166 .125 .7823h160.2c.0313-.2656 .0938-.5166 .125-.7823c9.875-33.22 35.69-72.61 52.22-91.45C351.6 260.8 368 220.4 368 175.1C368 78.61 288.9-.2837 191.4 .0132zM192 96.01c-44.13 0-80 35.89-80 79.1C112 184.8 104.8 192 96 192S80 184.8 80 176c0-61.76 50.25-111.1 112-111.1c8.844 0 16 7.159 16 16S200.8 96.01 192 96.01z\"><\/path><\/svg><\/div><div class=\"uagb-ifb-title-wrap\"><h4 class=\"uagb-ifb-title\"><strong><strong>         Prise de rendez-vous <\/strong><\/strong><\/h4><\/div><p class=\"uagb-ifb-desc\">Prompy facilite la prise de rendez-vous.\nQue ce soit pour un salon, un spa ou une clinique, il discute avec vos clients, trouve le bon cr\u00e9neau, et planifie les r\u00e9servations instantan\u00e9ment \u2014 sans appels, sans attente.\nIntelligent, fluide, et toujours disponible.<\/p><\/div><\/div>\n\n\n\n<figure class=\"wp-block-image size-large wp-duotone-unset-2\"><img loading=\"lazy\" decoding=\"async\" width=\"683\" height=\"1024\" src=\"https:\/\/prompy.ai\/wp-content\/uploads\/2025\/06\/booking-appointment-interaction--683x1024.png\" alt=\"\" class=\"wp-image-3355\" srcset=\"https:\/\/prompy.ai\/wp-content\/uploads\/2025\/06\/booking-appointment-interaction--683x1024.png 683w, https:\/\/prompy.ai\/wp-content\/uploads\/2025\/06\/booking-appointment-interaction--200x300.png 200w, https:\/\/prompy.ai\/wp-content\/uploads\/2025\/06\/booking-appointment-interaction--768x1152.png 768w, https:\/\/prompy.ai\/wp-content\/uploads\/2025\/06\/booking-appointment-interaction--1024x1536.png 1024w, https:\/\/prompy.ai\/wp-content\/uploads\/2025\/06\/booking-appointment-interaction-.png 1152w\" sizes=\"auto, (max-width: 683px) 100vw, 683px\" \/><\/figure>\n<\/div>\n\n\n\n<div class=\"wp-block-uagb-container uagb-block-0bfd07ac\">\n<div class=\"wp-block-uagb-info-box uagb-block-06bf2df8 uagb-infobox__content-wrap  uagb-infobox-icon-above-title uagb-infobox-image-valign-top\"><div class=\"uagb-ifb-content\"><div class=\"uagb-ifb-icon-wrap\"><svg xmlns=\"https:\/\/www.w3.org\/2000\/svg\" viewbox=\"0 0 512 512\"><path d=\"M511.6 36.86l-64 415.1c-1.5 9.734-7.375 18.22-15.97 23.05c-4.844 2.719-10.27 4.097-15.68 4.097c-4.188 0-8.319-.8154-12.29-2.472l-122.6-51.1l-50.86 76.29C226.3 508.5 219.8 512 212.8 512C201.3 512 192 502.7 192 491.2v-96.18c0-7.115 2.372-14.03 6.742-19.64L416 96l-293.7 264.3L19.69 317.5C8.438 312.8 .8125 302.2 .0625 289.1s5.469-23.72 16.06-29.77l448-255.1c10.69-6.109 23.88-5.547 34 1.406S513.5 24.72 511.6 36.86z\"><\/path><\/svg><\/div><div class=\"uagb-ifb-title-wrap\"><h4 class=\"uagb-ifb-title\">Marketing &amp; Promotion <\/h4><\/div><p class=\"uagb-ifb-desc\">Prompy donne un coup de boost \u00e0 votre visibilit\u00e9.\nGr\u00e2ce \u00e0 l\u2019IA, il r\u00e9pond instantan\u00e9ment aux questions, met en avant vos offres, capte l\u2019attention, et transforme les visiteurs en leads.\nUn vrai game-changer pour votre marketing digital.<\/p><\/div><\/div>\n\n\n\n<figure class=\"wp-block-image size-large\"><img loading=\"lazy\" decoding=\"async\" width=\"683\" height=\"1024\" src=\"https:\/\/prompy.ai\/wp-content\/uploads\/2025\/06\/Marketing-promotion-Interaction-683x1024.png\" alt=\"\" class=\"wp-image-3351\" srcset=\"https:\/\/prompy.ai\/wp-content\/uploads\/2025\/06\/Marketing-promotion-Interaction-683x1024.png 683w, https:\/\/prompy.ai\/wp-content\/uploads\/2025\/06\/Marketing-promotion-Interaction-200x300.png 200w, https:\/\/prompy.ai\/wp-content\/uploads\/2025\/06\/Marketing-promotion-Interaction-768x1152.png 768w, https:\/\/prompy.ai\/wp-content\/uploads\/2025\/06\/Marketing-promotion-Interaction.png 1024w\" sizes=\"auto, (max-width: 683px) 100vw, 683px\" \/><\/figure>\n<\/div>\n\n\n\n<div class=\"wp-block-uagb-container uagb-block-89b5033f\">\n<div class=\"wp-block-uagb-info-box uagb-block-990bfb63 uagb-infobox__content-wrap  uagb-infobox-icon-above-title uagb-infobox-image-valign-top\"><div class=\"uagb-ifb-content\"><div class=\"uagb-ifb-icon-wrap\"><svg xmlns=\"https:\/\/www.w3.org\/2000\/svg\" viewbox=\"0 0 576 512\"><path d=\"M512 32C547.3 32 576 60.65 576 96V128H0V96C0 60.65 28.65 32 64 32H512zM576 416C576 451.3 547.3 480 512 480H64C28.65 480 0 451.3 0 416V224H576V416zM112 352C103.2 352 96 359.2 96 368C96 376.8 103.2 384 112 384H176C184.8 384 192 376.8 192 368C192 359.2 184.8 352 176 352H112zM240 384H368C376.8 384 384 376.8 384 368C384 359.2 376.8 352 368 352H240C231.2 352 224 359.2 224 368C224 376.8 231.2 384 240 384z\"><\/path><\/svg><\/div><div class=\"uagb-ifb-title-wrap\"><h4 class=\"uagb-ifb-title\">                 <strong><strong>e<strong>-Commerce\u200b<\/strong>\u200b<\/strong><\/strong><\/h4><\/div><p class=\"uagb-ifb-desc\">Prompy fait passer votre e-commerce au niveau sup\u00e9rieur.\nIl guide les acheteurs, r\u00e9pond aux questions produits, recommande des articles et aide \u00e0 conclure les ventes \u2014 en temps r\u00e9el.\nPlus d\u2019engagement, moins d\u2019abandons de panier, et des clients satisfaits.<\/p><\/div><\/div>\n\n\n\n<figure class=\"wp-block-image size-large\"><img loading=\"lazy\" decoding=\"async\" width=\"683\" height=\"1024\" src=\"https:\/\/prompy.ai\/wp-content\/uploads\/2025\/06\/Warming-up-and-lead-qualifiying--683x1024.png\" alt=\"\" class=\"wp-image-3356\" srcset=\"https:\/\/prompy.ai\/wp-content\/uploads\/2025\/06\/Warming-up-and-lead-qualifiying--683x1024.png 683w, https:\/\/prompy.ai\/wp-content\/uploads\/2025\/06\/Warming-up-and-lead-qualifiying--200x300.png 200w, https:\/\/prompy.ai\/wp-content\/uploads\/2025\/06\/Warming-up-and-lead-qualifiying--768x1152.png 768w, https:\/\/prompy.ai\/wp-content\/uploads\/2025\/06\/Warming-up-and-lead-qualifiying--1024x1536.png 1024w, https:\/\/prompy.ai\/wp-content\/uploads\/2025\/06\/Warming-up-and-lead-qualifiying-.png 1280w\" sizes=\"auto, (max-width: 683px) 100vw, 683px\" \/><\/figure>\n<\/div>\n\n\n\n<div class=\"wp-block-uagb-container uagb-block-5224b7dd\">\n<div class=\"wp-block-uagb-info-box uagb-block-797b5a73 uagb-infobox__content-wrap  uagb-infobox-icon-above-title uagb-infobox-image-valign-top\"><div class=\"uagb-ifb-content\"><div class=\"uagb-ifb-icon-wrap\"><svg xmlns=\"https:\/\/www.w3.org\/2000\/svg\" viewbox=\"0 0 512 512\"><path d=\"M256 0C114.6 0 0 114.6 0 256s114.6 256 256 256s256-114.6 256-256S397.4 0 256 0zM256 128c39.77 0 72 32.24 72 72S295.8 272 256 272c-39.76 0-72-32.24-72-72S216.2 128 256 128zM256 448c-52.93 0-100.9-21.53-135.7-56.29C136.5 349.9 176.5 320 224 320h64c47.54 0 87.54 29.88 103.7 71.71C356.9 426.5 308.9 448 256 448z\"><\/path><\/svg><\/div><div class=\"uagb-ifb-title-wrap\"><h4 class=\"uagb-ifb-title\"><strong>       Service apr\u00e8s-vente &amp; support<\/strong>\u200b\u200b<\/h4><\/div><p class=\"uagb-ifb-desc\">Prompy g\u00e8re votre service apr\u00e8s-vente comme un champion.\nIl r\u00e9pond aux FAQ, suit les commandes, g\u00e8re les retours, et soutient vos clients 24h\/24 \u2014\npour qu\u2019ils restent heureux, fid\u00e8les, et qu\u2019ils reviennent.<\/p><\/div><\/div>\n\n\n\n<figure class=\"wp-block-image size-large\"><img loading=\"lazy\" decoding=\"async\" width=\"683\" height=\"1024\" src=\"https:\/\/prompy.ai\/wp-content\/uploads\/2025\/06\/Post-Sales-interaction-1-683x1024.png\" alt=\"\" class=\"wp-image-3357\" srcset=\"https:\/\/prompy.ai\/wp-content\/uploads\/2025\/06\/Post-Sales-interaction-1-683x1024.png 683w, https:\/\/prompy.ai\/wp-content\/uploads\/2025\/06\/Post-Sales-interaction-1-200x300.png 200w, https:\/\/prompy.ai\/wp-content\/uploads\/2025\/06\/Post-Sales-interaction-1-768x1152.png 768w, https:\/\/prompy.ai\/wp-content\/uploads\/2025\/06\/Post-Sales-interaction-1-1024x1536.png 1024w, https:\/\/prompy.ai\/wp-content\/uploads\/2025\/06\/Post-Sales-interaction-1.png 1280w\" sizes=\"auto, (max-width: 683px) 100vw, 683px\" \/><\/figure>\n<\/div>\n<\/div>\n<\/div><\/div>\n\n\n\n<div class=\"wp-block-uagb-container uagb-block-b997312a alignfull uagb-is-root-container\"><div class=\"uagb-container-inner-blocks-wrap\">\n<div class=\"wp-block-uagb-container uagb-layout-grid uagb-block-005fba1f\">\n<div class=\"wp-block-uagb-advanced-heading uagb-block-12865cae\"><h3 class=\"uagb-heading-text\">Vous souhaitez rejoindre notre liste d\u2019attente ? <\/h3><p class=\"uagb-desc-text\">Laissez votre e-mail !\nD\u00e9couvrez les outils IA r\u00e9volutionnaires de Prompy.\nNe manquez pas cette opportunit\u00e9 \u2014 prenez de l\u2019avance et regardez votre business prosp\u00e9rer.<\/p><\/div>\n\n\n\n<div class=\"wp-block-uagb-buttons uagb-buttons__outer-wrap uagb-btn__default-btn uagb-btn-tablet__default-btn uagb-btn-mobile__default-btn uagb-block-2c953428\"><div class=\"uagb-buttons__wrap uagb-buttons-layout-wrap\">\n<div class=\"wp-block-uagb-buttons-child uagb-buttons__outer-wrap uagb-block-8bb4b826 wp-block-button\"><div class=\"uagb-button__wrapper\"><a class=\"uagb-buttons-repeater wp-block-button__link\" aria-label=\"\" href=\"#\" rel=\"follow noopener\" target=\"_self\" role=\"button\"><div class=\"uagb-button__link\">Rejoindre la liste d\u2019attente<\/div><\/a><\/div><\/div>\n<\/div><\/div>\n<\/div>\n<\/div><\/div>\n\n\n\n\n\n<p><\/p>\n\n\n\n<div class=\"wp-block-group is-layout-flex wp-block-group-is-layout-flex\"><\/div>","protected":false},"excerpt":{"rendered":"<p>How can we help you?\u200b SaaS, e-commerce, salons, coaching, real estate, and events\u2014Prompy powers smarter customer interactions across all these sectors. From booking appointments and answering product questions to qualifying leads and handling post-sales support, Prompy keeps your clients engaged 24\/7, making your marketing and customer service faster, smoother, and way more effective. Want to [&hellip;]<\/p>","protected":false},"author":2,"featured_media":0,"parent":0,"menu_order":0,"comment_status":"closed","ping_status":"closed","template":"","meta":{"_uag_custom_page_level_css":"","site-sidebar-layout":"no-sidebar","site-content-layout":"page-builder","ast-site-content-layout":"full-width-container","site-content-style":"unboxed","site-sidebar-style":"unboxed","ast-global-header-display":"","ast-banner-title-visibility":"","ast-main-header-display":"","ast-hfb-above-header-display":"","ast-hfb-below-header-display":"","ast-hfb-mobile-header-display":"","site-post-title":"disabled","ast-breadcrumbs-content":"","ast-featured-img":"disabled","footer-sml-layout":"","theme-transparent-header-meta":"enabled","adv-header-id-meta":"","stick-header-meta":"","header-above-stick-meta":"","header-main-stick-meta":"","header-below-stick-meta":"","astra-migrate-meta-layouts":"set","ast-page-background-enabled":"default","ast-page-background-meta":{"desktop":{"background-color":"","background-image":"","background-repeat":"repeat","background-position":"center center","background-size":"auto","background-attachment":"scroll","background-type":"","background-media":"","overlay-type":"","overlay-color":"","overlay-opacity":"","overlay-gradient":""},"tablet":{"background-color":"","background-image":"","background-repeat":"repeat","background-position":"center center","background-size":"auto","background-attachment":"scroll","background-type":"","background-media":"","overlay-type":"","overlay-color":"","overlay-opacity":"","overlay-gradient":""},"mobile":{"background-color":"","background-image":"","background-repeat":"repeat","background-position":"center center","background-size":"auto","background-attachment":"scroll","background-type":"","background-media":"","overlay-type":"","overlay-color":"","overlay-opacity":"","overlay-gradient":""}},"ast-content-background-meta":{"desktop":{"background-color":"var(--ast-global-color-5)","background-image":"","background-repeat":"repeat","background-position":"center center","background-size":"auto","background-attachment":"scroll","background-type":"","background-media":"","overlay-type":"","overlay-color":"","overlay-opacity":"","overlay-gradient":""},"tablet":{"background-color":"var(--ast-global-color-5)","background-image":"","background-repeat":"repeat","background-position":"center center","background-size":"auto","background-attachment":"scroll","background-type":"","background-media":"","overlay-type":"","overlay-color":"","overlay-opacity":"","overlay-gradient":""},"mobile":{"background-color":"var(--ast-global-color-5)","background-image":"","background-repeat":"repeat","background-position":"center center","background-size":"auto","background-attachment":"scroll","background-type":"","background-media":"","overlay-type":"","overlay-color":"","overlay-opacity":"","overlay-gradient":""}},"footnotes":"[]"},"class_list":["post-1492","page","type-page","status-publish","hentry"],"aioseo_notices":[],"uagb_featured_image_src":{"full":false,"thumbnail":false,"medium":false,"medium_large":false,"large":false,"1536x1536":false,"2048x2048":false,"trp-custom-language-flag":false},"uagb_author_info":{"display_name":"Omar Moumni","author_link":"https:\/\/prompy.ai\/fr\/author\/omar-m\/"},"uagb_comment_info":0,"uagb_excerpt":"How can we help you?\u200b SaaS, e-commerce, salons, coaching, real estate, and events\u2014Prompy powers smarter customer interactions across all these sectors. From booking appointments and answering product questions to qualifying leads and handling post-sales support, Prompy keeps your clients engaged 24\/7, making your marketing and customer service faster, smoother, and way more effective. Want to\u2026","_links":{"self":[{"href":"https:\/\/prompy.ai\/fr\/wp-json\/wp\/v2\/pages\/1492","targetHints":{"allow":["GET"]}}],"collection":[{"href":"https:\/\/prompy.ai\/fr\/wp-json\/wp\/v2\/pages"}],"about":[{"href":"https:\/\/prompy.ai\/fr\/wp-json\/wp\/v2\/types\/page"}],"author":[{"embeddable":true,"href":"https:\/\/prompy.ai\/fr\/wp-json\/wp\/v2\/users\/2"}],"replies":[{"embeddable":true,"href":"https:\/\/prompy.ai\/fr\/wp-json\/wp\/v2\/comments?post=1492"}],"version-history":[{"count":7,"href":"https:\/\/prompy.ai\/fr\/wp-json\/wp\/v2\/pages\/1492\/revisions"}],"predecessor-version":[{"id":3551,"href":"https:\/\/prompy.ai\/fr\/wp-json\/wp\/v2\/pages\/1492\/revisions\/3551"}],"wp:attachment":[{"href":"https:\/\/prompy.ai\/fr\/wp-json\/wp\/v2\/media?parent=1492"}],"curies":[{"name":"wp","href":"https:\/\/api.w.org\/{rel}","templated":true}]}}