{"id":1494,"date":"2025-06-08T10:58:18","date_gmt":"2025-06-08T10:58:18","guid":{"rendered":"http:\/\/prompy.ai\/contact\/"},"modified":"2025-06-23T15:15:22","modified_gmt":"2025-06-23T15:15:22","slug":"contact","status":"publish","type":"page","link":"https:\/\/prompy.ai\/fr\/contact\/","title":{"rendered":"Contact"},"content":{"rendered":"<div class=\"wp-block-uagb-container uagb-block-d1eb7ce0 alignfull uagb-is-root-container\"><div class=\"uagb-container-inner-blocks-wrap\">\n<div class=\"wp-block-uagb-info-box uagb-block-39af8579 uagb-infobox__content-wrap  uagb-infobox-icon-above-title uagb-infobox-image-valign-top\"><div class=\"uagb-ifb-content\"><div class=\"uagb-ifb-title-wrap\"><h1 class=\"uagb-ifb-title-prefix\">Contactez-nous<\/h1><h4 class=\"uagb-ifb-title\">Rejoignez la liste d\u2019attente pour nos services premium d\u2019assistance IA.<\/h4><\/div><p class=\"uagb-ifb-desc\">Vous voulez \u00eatre parmi les premiers \u00e0 d\u00e9couvrir un support intelligent pens\u00e9 pour booster vos ventes et vous faire gagner du temps ?\nNous pr\u00e9parons un lancement majeur \u2014 les places sont limit\u00e9es. <strong>exclusive AI-powered support<\/strong> designed to skyrocket your sales and save you time ?<\/p><\/div><\/div>\n<\/div><\/div>\n\n\n\n<div class=\"wp-block-uagb-container uagb-block-43008b68 alignfull uagb-is-root-container\"><div class=\"uagb-container-inner-blocks-wrap\">\n<div class=\"wp-block-uagb-container uagb-block-00feabc6\">\n<div class=\"wp-block-uagb-advanced-heading uagb-block-e7c4dedd\"><h3 class=\"uagb-heading-text\">Demandez une consultation gratuite<\/h3><\/div>\n\n\n\n<div class=\"wp-block-uagb-container uagb-block-3ab45bfc\">\n<div class=\"wp-block-uagb-container uagb-block-affb256b\">\n<iframe loading=\"lazy\" width=\"100\" height=\"305\" src=\"https:\/\/815701ba.sibforms.com\/serve\/MUIFAGP0M0Rp_EO4r6Dpx3NUVju7WucnD7uwJ-AawKK3aSApPcVESZrwbirSg1UQKBxIEdKPY-4r1g4VX6L7C6Oc-HHsGrvxNrfbB3rXA07Jiyk2Tp13_ZP2JcAlzMhS5gNFiTp_2yD9efIzci738ZB5Mv113ivJ7z1jc8c4vLil8nYeMeZo5GajMNP5Crep9j5TPGeymu3fLc-Y\" frameborder=\"0\" scrolling=\"auto\" allowfullscreen style=\"display: block;margin-left: auto;margin-right: auto;max-width: 100%;\"><\/iframe>\n<\/div>\n\n\n\n<div class=\"wp-block-uagb-container uagb-block-fa9f5151\">\t\t\t<div \n\t\t\tclass=\"wp-block-uagb-google-map uagb-google-map__wrap uagb-block-897781c6\"\n\t\t\tstyle=\"\" >\n\t\t\t\t<embed\n\t\t\t\t\tclass=\"uagb-google-map__iframe\"\n\t\t\t\t\ttitle=\"Carte Google pour \"\n\t\t\t\t\tsrc=\"https:\/\/maps.google.com\/maps?q=23%2C%20Rue%20du%20Chemin%20Vert%2C%20Paris%2C%20%C3%8Ele-de-France%2075011%2C%20FR&#038;z=14&#038;hl=en&#038;t=m&#038;output=embed&#038;iwloc=near\"\n\t\t\t\t\twidth=\"640\"\n\t\t\t\t\theight=\"460\"\n\t\t\t\t\tloading=\"lazy\"\n\t\t\t\t><\/embed>\n\t\t\t<\/div>\n\t\t\t<\/div>\n<\/div>\n<\/div>\n\n\n\n<div class=\"wp-block-uagb-container uagb-block-93378eb7\">\n<div class=\"wp-block-uagb-advanced-heading uagb-block-3ad686a3\"><h3 class=\"uagb-heading-text\">Entrer en contact<\/h3><p class=\"uagb-desc-text\"><strong>Nos coordonn\u00e9es :<\/strong><\/p><\/div>\n\n\n\n<div class=\"wp-block-uagb-info-box uagb-block-0e826b7e uagb-infobox__content-wrap  uagb-infobox-icon-left uagb-infobox-left uagb-infobox-image-valign-middle\"><div class=\"uagb-ifb-icon-wrap\"><svg xmlns=\"https:\/\/www.w3.org\/2000\/svg\" viewbox=\"0 0 384 512\"><path d=\"M168.3 499.2C116.1 435 0 279.4 0 192C0 85.96 85.96 0 192 0C298 0 384 85.96 384 192C384 279.4 267 435 215.7 499.2C203.4 514.5 180.6 514.5 168.3 499.2H168.3zM192 256C227.3 256 256 227.3 256 192C256 156.7 227.3 128 192 128C156.7 128 128 156.7 128 192C128 227.3 156.7 256 192 256z\"><\/path><\/svg><\/div><div class=\"uagb-ifb-content\"><div class=\"uagb-ifb-title-wrap\"><\/div><p class=\"uagb-ifb-desc\">23, Rue du Chemin Vert, Paris, \u00cele-de-France 75011, FR<\/p><\/div><\/div>\n\n\n\n<div class=\"wp-block-uagb-info-box uagb-block-4d057d1b uagb-infobox__content-wrap  uagb-infobox-icon-left uagb-infobox-left uagb-infobox-image-valign-middle\"><div class=\"uagb-ifb-icon-wrap\"><svg xmlns=\"https:\/\/www.w3.org\/2000\/svg\" viewbox=\"0 0 512 512\"><path d=\"M464 64C490.5 64 512 85.49 512 112C512 127.1 504.9 141.3 492.8 150.4L275.2 313.6C263.8 322.1 248.2 322.1 236.8 313.6L19.2 150.4C7.113 141.3 0 127.1 0 112C0 85.49 21.49 64 48 64H464zM217.6 339.2C240.4 356.3 271.6 356.3 294.4 339.2L512 176V384C512 419.3 483.3 448 448 448H64C28.65 448 0 419.3 0 384V176L217.6 339.2z\"><\/path><\/svg><\/div><div class=\"uagb-ifb-content\"><div class=\"uagb-ifb-title-wrap\"><\/div><p class=\"uagb-ifb-desc\"><a href=\"mailto:Contact@prompy.ai\" title=\"\">contact@prompy.ai<\/a><\/p><\/div><\/div>\n<\/div>\n<\/div><\/div>\n\n\n\n<div class=\"wp-block-uagb-container uagb-block-b997312a alignfull uagb-is-root-container\"><div class=\"uagb-container-inner-blocks-wrap\">\n<div class=\"wp-block-uagb-container uagb-layout-grid uagb-block-005fba1f\">\n<div class=\"wp-block-uagb-advanced-heading uagb-block-12865cae\"><h3 class=\"uagb-heading-text\">Rejoignez la liste d\u2019attente et b\u00e9n\u00e9ficiez de 14 jours d\u2019essai gratuit.<\/h3><p class=\"uagb-desc-text\">Ne ratez pas cette opportunit\u00e9. Les entreprises intelligentes agissent vite.<\/p><\/div>\n\n\n\n<div class=\"wp-block-uagb-buttons uagb-buttons__outer-wrap uagb-btn__default-btn uagb-btn-tablet__default-btn uagb-btn-mobile__default-btn uagb-block-2c953428\"><div class=\"uagb-buttons__wrap uagb-buttons-layout-wrap\">\n<div class=\"wp-block-uagb-buttons-child uagb-buttons__outer-wrap uagb-block-8bb4b826 wp-block-button\"><div class=\"uagb-button__wrapper\"><a class=\"uagb-buttons-repeater wp-block-button__link\" aria-label=\"\" href=\"#\" rel=\"follow noopener\" target=\"_self\" role=\"button\"><div class=\"uagb-button__link\">Rejoindre la liste d\u2019attente<\/div><\/a><\/div><\/div>\n<\/div><\/div>\n<\/div>\n<\/div><\/div>","protected":false},"excerpt":{"rendered":"<p>Request Free Consultation\u200b Get In Touch\u200b Reach Us\u200b Join the Waiting List and get 14 days Free trials Don\u2019t miss out. Smart businesses move fast.<\/p>","protected":false},"author":2,"featured_media":0,"parent":0,"menu_order":0,"comment_status":"closed","ping_status":"closed","template":"","meta":{"_uag_custom_page_level_css":"","site-sidebar-layout":"no-sidebar","site-content-layout":"page-builder","ast-site-content-layout":"full-width-container","site-content-style":"unboxed","site-sidebar-style":"unboxed","ast-global-header-display":"","ast-banner-title-visibility":"","ast-main-header-display":"","ast-hfb-above-header-display":"","ast-hfb-below-header-display":"","ast-hfb-mobile-header-display":"","site-post-title":"disabled","ast-breadcrumbs-content":"","ast-featured-img":"disabled","footer-sml-layout":"","theme-transparent-header-meta":"enabled","adv-header-id-meta":"","stick-header-meta":"","header-above-stick-meta":"","header-main-stick-meta":"","header-below-stick-meta":"","astra-migrate-meta-layouts":"set","ast-page-background-enabled":"default","ast-page-background-meta":{"desktop":{"background-color":"","background-image":"","background-repeat":"repeat","background-position":"center center","background-size":"auto","background-attachment":"scroll","background-type":"","background-media":"","overlay-type":"","overlay-color":"","overlay-opacity":"","overlay-gradient":""},"tablet":{"background-color":"","background-image":"","background-repeat":"repeat","background-position":"center center","background-size":"auto","background-attachment":"scroll","background-type":"","background-media":"","overlay-type":"","overlay-color":"","overlay-opacity":"","overlay-gradient":""},"mobile":{"background-color":"","background-image":"","background-repeat":"repeat","background-position":"center center","background-size":"auto","background-attachment":"scroll","background-type":"","background-media":"","overlay-type":"","overlay-color":"","overlay-opacity":"","overlay-gradient":""}},"ast-content-background-meta":{"desktop":{"background-color":"var(--ast-global-color-5)","background-image":"","background-repeat":"repeat","background-position":"center center","background-size":"auto","background-attachment":"scroll","background-type":"","background-media":"","overlay-type":"","overlay-color":"","overlay-opacity":"","overlay-gradient":""},"tablet":{"background-color":"var(--ast-global-color-5)","background-image":"","background-repeat":"repeat","background-position":"center center","background-size":"auto","background-attachment":"scroll","background-type":"","background-media":"","overlay-type":"","overlay-color":"","overlay-opacity":"","overlay-gradient":""},"mobile":{"background-color":"var(--ast-global-color-5)","background-image":"","background-repeat":"repeat","background-position":"center center","background-size":"auto","background-attachment":"scroll","background-type":"","background-media":"","overlay-type":"","overlay-color":"","overlay-opacity":"","overlay-gradient":""}},"footnotes":""},"class_list":["post-1494","page","type-page","status-publish","hentry"],"aioseo_notices":[],"uagb_featured_image_src":{"full":false,"thumbnail":false,"medium":false,"medium_large":false,"large":false,"1536x1536":false,"2048x2048":false,"trp-custom-language-flag":false},"uagb_author_info":{"display_name":"Omar Moumni","author_link":"https:\/\/prompy.ai\/fr\/author\/omar-m\/"},"uagb_comment_info":0,"uagb_excerpt":"Request Free Consultation\u200b Get In Touch\u200b Reach Us\u200b Join the Waiting List and get 14 days Free trials Don\u2019t miss out. Smart businesses move fast.","_links":{"self":[{"href":"https:\/\/prompy.ai\/fr\/wp-json\/wp\/v2\/pages\/1494","targetHints":{"allow":["GET"]}}],"collection":[{"href":"https:\/\/prompy.ai\/fr\/wp-json\/wp\/v2\/pages"}],"about":[{"href":"https:\/\/prompy.ai\/fr\/wp-json\/wp\/v2\/types\/page"}],"author":[{"embeddable":true,"href":"https:\/\/prompy.ai\/fr\/wp-json\/wp\/v2\/users\/2"}],"replies":[{"embeddable":true,"href":"https:\/\/prompy.ai\/fr\/wp-json\/wp\/v2\/comments?post=1494"}],"version-history":[{"count":15,"href":"https:\/\/prompy.ai\/fr\/wp-json\/wp\/v2\/pages\/1494\/revisions"}],"predecessor-version":[{"id":3610,"href":"https:\/\/prompy.ai\/fr\/wp-json\/wp\/v2\/pages\/1494\/revisions\/3610"}],"wp:attachment":[{"href":"https:\/\/prompy.ai\/fr\/wp-json\/wp\/v2\/media?parent=1494"}],"curies":[{"name":"wp","href":"https:\/\/api.w.org\/{rel}","templated":true}]}}